{"id":1727,"date":"2022-03-04T10:38:16","date_gmt":"2022-03-04T09:38:16","guid":{"rendered":"https:\/\/heartbeatchurch.be\/?page_id=1727"},"modified":"2023-09-30T12:24:22","modified_gmt":"2023-09-30T10:24:22","slug":"welcome-to-our-church","status":"publish","type":"page","link":"https:\/\/heartbeatchurch.be\/fr\/","title":{"rendered":"TU ES BIENVENUE!"},"content":{"rendered":"\n<p class=\"has-text-align-left has-small-font-size\">Notre mission est d\u2019\u00eatre une oasis de l\u2019amour et de la pr\u00e9sence de Dieu, o\u00f9 personnes peuvent \u00eatre \u00e9quip\u00e9es pour entrer dans leur destin\u00e9e et leur identit\u00e9 en J\u00e9sus-Christ, par la puissance du Saint-Esprit.<\/p>\n","protected":false},"excerpt":{"rendered":"<p>Notre mission est d\u2019\u00eatre une oasis de l\u2019amour et de la pr\u00e9sence de Dieu, o\u00f9 personnes peuvent \u00eatre \u00e9quip\u00e9es pour entrer dans leur destin\u00e9e et leur identit\u00e9 en J\u00e9sus-Christ, par la puissance du Saint-Esprit.<\/p>\n","protected":false},"author":1,"featured_media":0,"parent":0,"menu_order":0,"comment_status":"closed","ping_status":"closed","template":"page-templates\/homepage.php","meta":{"om_disable_all_campaigns":false,"_monsterinsights_skip_tracking":false,"_monsterinsights_sitenote_active":false,"_monsterinsights_sitenote_note":"","_monsterinsights_sitenote_category":0,"footnotes":""},"class_list":["post-1727","page","type-page","status-publish","hentry","ctfw-no-image"],"aioseo_notices":[],"_links":{"self":[{"href":"https:\/\/heartbeatchurch.be\/fr\/wp-json\/wp\/v2\/pages\/1727","targetHints":{"allow":["GET"]}}],"collection":[{"href":"https:\/\/heartbeatchurch.be\/fr\/wp-json\/wp\/v2\/pages"}],"about":[{"href":"https:\/\/heartbeatchurch.be\/fr\/wp-json\/wp\/v2\/types\/page"}],"author":[{"embeddable":true,"href":"https:\/\/heartbeatchurch.be\/fr\/wp-json\/wp\/v2\/users\/1"}],"replies":[{"embeddable":true,"href":"https:\/\/heartbeatchurch.be\/fr\/wp-json\/wp\/v2\/comments?post=1727"}],"version-history":[{"count":5,"href":"https:\/\/heartbeatchurch.be\/fr\/wp-json\/wp\/v2\/pages\/1727\/revisions"}],"predecessor-version":[{"id":3164,"href":"https:\/\/heartbeatchurch.be\/fr\/wp-json\/wp\/v2\/pages\/1727\/revisions\/3164"}],"wp:attachment":[{"href":"https:\/\/heartbeatchurch.be\/fr\/wp-json\/wp\/v2\/media?parent=1727"}],"curies":[{"name":"wp","href":"https:\/\/api.w.org\/{rel}","templated":true}]}}