{"id":2292,"date":"2022-03-19T13:32:51","date_gmt":"2022-03-19T12:32:51","guid":{"rendered":"https:\/\/heartbeatchurch.be\/?page_id=2292"},"modified":"2022-03-30T11:07:00","modified_gmt":"2022-03-30T09:07:00","slug":"easter-in-color","status":"publish","type":"page","link":"https:\/\/heartbeatchurch.be\/fr\/easter-in-color\/","title":{"rendered":"Easter in Color"},"content":{"rendered":"\n<p>Heartbeat Church ouvre ses portes pendant le week-end de P\u00e2ques et vous \u00eates les bienvenus. <\/p>\n\n\n\n<p>La r\u00e9surrection de J\u00e9sus-Christ est la cl\u00e9 de notre foi. En souvenir de l&rsquo;acte le plus cr\u00e9atif de Dieu (ressusciter Son fils d&rsquo;entre les morts), nous nous tenons dans sa puissance de r\u00e9surrection et exprimons ce que Dieu a fait pour nous par la cr\u00e9ativit\u00e9. <\/p>\n\n\n\n<p>Un programme complet rempli d&rsquo;art, de musique et de cr\u00e9ativit\u00e9 se d\u00e9roulera le samedi 16 avril et le dimanche 17 avril. D\u00e9couvrez-le ci-dessous et soyez les bienvenus! Nous serions ravis de vous accueillir lors de notre week-end \u00ab\u00a0P\u00e2ques en couleurs\u00a0\u00bb.<\/p>\n\n\n\n<div class=\"wp-block-media-text alignwide is-stacked-on-mobile\"><figure class=\"wp-block-media-text__media\"><a href=\"https:\/\/heartbeatchurch.be\/fr\/easter-in-color\/art-exhibition\/\"><img loading=\"lazy\" decoding=\"async\" width=\"600\" height=\"300\" src=\"https:\/\/heartbeatchurch.be\/wp-content\/uploads\/2022\/03\/EASTER_IN_COLOR_600\u00d7300_BLAUW-1.png\" alt=\"\" class=\"wp-image-1931 size-full\" srcset=\"https:\/\/heartbeatchurch.be\/wp-content\/uploads\/2022\/03\/EASTER_IN_COLOR_600\u00d7300_BLAUW-1.png 600w, https:\/\/heartbeatchurch.be\/wp-content\/uploads\/2022\/03\/EASTER_IN_COLOR_600\u00d7300_BLAUW-1-300x150.png 300w, https:\/\/heartbeatchurch.be\/wp-content\/uploads\/2022\/03\/EASTER_IN_COLOR_600\u00d7300_BLAUW-1-960x480.png 960w\" sizes=\"auto, (max-width: 600px) 100vw, 600px\" \/><\/a><\/figure><div class=\"wp-block-media-text__content\">\n<h1 class=\"wp-block-heading\"><a href=\"https:\/\/heartbeatchurch.be\/fr\/easter-in-color\/art-exhibition\/\" title=\"ART EXHIBITION\">Exposition d\u2019art<\/a><\/h1>\n<\/div><\/div>\n\n\n\n<div class=\"wp-block-media-text alignwide is-stacked-on-mobile\"><figure class=\"wp-block-media-text__media\"><a href=\"https:\/\/heartbeatchurch.be\/fr\/easter-in-color\/concert-havan\/\"><img loading=\"lazy\" decoding=\"async\" width=\"600\" height=\"300\" src=\"http:\/\/heartbeatchurch.be\/wp-content\/uploads\/2022\/03\/EASTER_IN_COLOR_600\u00d7300_GROEN-1.png\" alt=\"\" class=\"wp-image-1937 size-full\" srcset=\"https:\/\/heartbeatchurch.be\/wp-content\/uploads\/2022\/03\/EASTER_IN_COLOR_600\u00d7300_GROEN-1.png 600w, https:\/\/heartbeatchurch.be\/wp-content\/uploads\/2022\/03\/EASTER_IN_COLOR_600\u00d7300_GROEN-1-300x150.png 300w, https:\/\/heartbeatchurch.be\/wp-content\/uploads\/2022\/03\/EASTER_IN_COLOR_600\u00d7300_GROEN-1-960x480.png 960w\" sizes=\"auto, (max-width: 600px) 100vw, 600px\" \/><\/a><\/figure><div class=\"wp-block-media-text__content\">\n<h1 class=\"wp-block-heading\"><a href=\"https:\/\/heartbeatchurch.be\/fr\/easter-in-color\/concert-havan\/\" title=\"CONCERT Havan\">CONCERT Havan<\/a><\/h1>\n<\/div><\/div>\n\n\n\n<div class=\"wp-block-media-text alignwide is-stacked-on-mobile\"><figure class=\"wp-block-media-text__media\"><a href=\"https:\/\/heartbeatchurch.be\/fr\/easter-in-color\/artist-sur-sable\/\"><img loading=\"lazy\" decoding=\"async\" width=\"600\" height=\"300\" src=\"http:\/\/heartbeatchurch.be\/wp-content\/uploads\/2022\/03\/EASTER_IN_COLOR_600\u00d7300_GEEL-1.png\" alt=\"\" class=\"wp-image-1934 size-full\" srcset=\"https:\/\/heartbeatchurch.be\/wp-content\/uploads\/2022\/03\/EASTER_IN_COLOR_600\u00d7300_GEEL-1.png 600w, https:\/\/heartbeatchurch.be\/wp-content\/uploads\/2022\/03\/EASTER_IN_COLOR_600\u00d7300_GEEL-1-300x150.png 300w, https:\/\/heartbeatchurch.be\/wp-content\/uploads\/2022\/03\/EASTER_IN_COLOR_600\u00d7300_GEEL-1-960x480.png 960w\" sizes=\"auto, (max-width: 600px) 100vw, 600px\" \/><\/a><\/figure><div class=\"wp-block-media-text__content\">\n<h1 class=\"wp-block-heading\"><a href=\"https:\/\/heartbeatchurch.be\/fr\/easter-in-color\/artist-sur-sable\/\" title=\"Sand Artist\">Artist sur sable<\/a><\/h1>\n<\/div><\/div>\n","protected":false},"excerpt":{"rendered":"<p>Heartbeat Church ouvre ses portes pendant le week-end de P\u00e2ques et vous \u00eates les bienvenus. La r\u00e9surrection de J\u00e9sus-Christ est la cl\u00e9 de notre foi. En souvenir de l&rsquo;acte le plus cr\u00e9atif de Dieu (ressusciter Son fils d&rsquo;entre les morts), nous nous tenons dans sa puissance de r\u00e9surrection et exprimons ce que Dieu a fait&hellip;<\/p>\n","protected":false},"author":1,"featured_media":1650,"parent":0,"menu_order":0,"comment_status":"closed","ping_status":"closed","template":"","meta":{"om_disable_all_campaigns":false,"_monsterinsights_skip_tracking":false,"_monsterinsights_sitenote_active":false,"_monsterinsights_sitenote_note":"","_monsterinsights_sitenote_category":0,"footnotes":""},"class_list":["post-2292","page","type-page","status-publish","has-post-thumbnail","hentry","ctfw-has-image"],"aioseo_notices":[],"_links":{"self":[{"href":"https:\/\/heartbeatchurch.be\/fr\/wp-json\/wp\/v2\/pages\/2292","targetHints":{"allow":["GET"]}}],"collection":[{"href":"https:\/\/heartbeatchurch.be\/fr\/wp-json\/wp\/v2\/pages"}],"about":[{"href":"https:\/\/heartbeatchurch.be\/fr\/wp-json\/wp\/v2\/types\/page"}],"author":[{"embeddable":true,"href":"https:\/\/heartbeatchurch.be\/fr\/wp-json\/wp\/v2\/users\/1"}],"replies":[{"embeddable":true,"href":"https:\/\/heartbeatchurch.be\/fr\/wp-json\/wp\/v2\/comments?post=2292"}],"version-history":[{"count":9,"href":"https:\/\/heartbeatchurch.be\/fr\/wp-json\/wp\/v2\/pages\/2292\/revisions"}],"predecessor-version":[{"id":2414,"href":"https:\/\/heartbeatchurch.be\/fr\/wp-json\/wp\/v2\/pages\/2292\/revisions\/2414"}],"wp:featuredmedia":[{"embeddable":true,"href":"https:\/\/heartbeatchurch.be\/fr\/wp-json\/wp\/v2\/media\/1650"}],"wp:attachment":[{"href":"https:\/\/heartbeatchurch.be\/fr\/wp-json\/wp\/v2\/media?parent=2292"}],"curies":[{"name":"wp","href":"https:\/\/api.w.org\/{rel}","templated":true}]}}