{"id":2296,"date":"2022-03-19T13:47:55","date_gmt":"2022-03-19T12:47:55","guid":{"rendered":"https:\/\/heartbeatchurch.be\/?page_id=2296"},"modified":"2022-03-28T10:48:02","modified_gmt":"2022-03-28T08:48:02","slug":"art-exhibition","status":"publish","type":"page","link":"https:\/\/heartbeatchurch.be\/fr\/easter-in-color\/art-exhibition\/","title":{"rendered":"Exposition d\u2019art"},"content":{"rendered":"\n<p>Venez et laissez-vous inspirer par diff\u00e9rentes oeuvres d&rsquo;art &#8211; peintures, sculptures, photos et po\u00e8mes.\u00a0<\/p>\n\n\n\n<p>Samedi 16.04.22 &#8211; 10h-18h30 Dimanche 17.04.22 &#8211; 12h-15h<\/p>\n\n\n\n<p>Possibilit\u00e9 de caf\u00e9, th\u00e9 et p\u00e2tisserie en continu.&nbsp;<br>Libre acc\u00e8s.&nbsp; &nbsp; &nbsp; &nbsp; &nbsp; &nbsp; &nbsp; &nbsp; &nbsp; &nbsp; &nbsp; &nbsp; &nbsp; &nbsp;<\/p>\n\n\n\n<p>Lieu: <a href=\"https:\/\/heartbeatchurch.be\/fr\/locations\/heartbeat-church\/\">b\u00e2timent de Heartbeat Church<\/a><\/p>\n\n\n\n<hr class=\"wp-block-separator\"\/>\n\n\n\n<p><strong><strong>D\u00e9couvrez les artistes exposants<\/strong><\/strong>:<\/p>\n","protected":false},"excerpt":{"rendered":"<p>Venez et laissez-vous inspirer par diff\u00e9rentes oeuvres d&rsquo;art &#8211; peintures, sculptures, photos et po\u00e8mes.\u00a0 Samedi 16.04.22 &#8211; 10h-18h30 Dimanche 17.04.22 &#8211; 12h-15h Possibilit\u00e9 de caf\u00e9, th\u00e9 et p\u00e2tisserie en continu.&nbsp;Libre acc\u00e8s.&nbsp; &nbsp; &nbsp; &nbsp; &nbsp; &nbsp; &nbsp; &nbsp; &nbsp; &nbsp; &nbsp; &nbsp; &nbsp; &nbsp; Lieu: b\u00e2timent de Heartbeat Church D\u00e9couvrez les artistes exposants:<\/p>\n","protected":false},"author":1,"featured_media":1947,"parent":2292,"menu_order":1,"comment_status":"closed","ping_status":"closed","template":"page-templates\/people.php","meta":{"om_disable_all_campaigns":false,"_monsterinsights_skip_tracking":false,"_monsterinsights_sitenote_active":false,"_monsterinsights_sitenote_note":"","_monsterinsights_sitenote_category":0,"footnotes":""},"class_list":["post-2296","page","type-page","status-publish","has-post-thumbnail","hentry","ctfw-has-image"],"aioseo_notices":[],"_links":{"self":[{"href":"https:\/\/heartbeatchurch.be\/fr\/wp-json\/wp\/v2\/pages\/2296","targetHints":{"allow":["GET"]}}],"collection":[{"href":"https:\/\/heartbeatchurch.be\/fr\/wp-json\/wp\/v2\/pages"}],"about":[{"href":"https:\/\/heartbeatchurch.be\/fr\/wp-json\/wp\/v2\/types\/page"}],"author":[{"embeddable":true,"href":"https:\/\/heartbeatchurch.be\/fr\/wp-json\/wp\/v2\/users\/1"}],"replies":[{"embeddable":true,"href":"https:\/\/heartbeatchurch.be\/fr\/wp-json\/wp\/v2\/comments?post=2296"}],"version-history":[{"count":4,"href":"https:\/\/heartbeatchurch.be\/fr\/wp-json\/wp\/v2\/pages\/2296\/revisions"}],"predecessor-version":[{"id":2401,"href":"https:\/\/heartbeatchurch.be\/fr\/wp-json\/wp\/v2\/pages\/2296\/revisions\/2401"}],"up":[{"embeddable":true,"href":"https:\/\/heartbeatchurch.be\/fr\/wp-json\/wp\/v2\/pages\/2292"}],"wp:featuredmedia":[{"embeddable":true,"href":"https:\/\/heartbeatchurch.be\/fr\/wp-json\/wp\/v2\/media\/1947"}],"wp:attachment":[{"href":"https:\/\/heartbeatchurch.be\/fr\/wp-json\/wp\/v2\/media?parent=2296"}],"curies":[{"name":"wp","href":"https:\/\/api.w.org\/{rel}","templated":true}]}}