{"id":2299,"date":"2022-03-19T13:53:27","date_gmt":"2022-03-19T12:53:27","guid":{"rendered":"https:\/\/heartbeatchurch.be\/?page_id=2299"},"modified":"2022-03-19T13:53:28","modified_gmt":"2022-03-19T12:53:28","slug":"artist-sur-sable","status":"publish","type":"page","link":"https:\/\/heartbeatchurch.be\/fr\/easter-in-color\/artist-sur-sable\/","title":{"rendered":"Artist sur sable"},"content":{"rendered":"\n<figure class=\"wp-block-image size-full\"><img loading=\"lazy\" decoding=\"async\" width=\"960\" height=\"250\" src=\"https:\/\/heartbeatchurch.be\/wp-content\/uploads\/2022\/03\/Page_Featured_Image_960x250_zandkunstenaar.png\" alt=\"\" class=\"wp-image-2027\" srcset=\"https:\/\/heartbeatchurch.be\/wp-content\/uploads\/2022\/03\/Page_Featured_Image_960x250_zandkunstenaar.png 960w, https:\/\/heartbeatchurch.be\/wp-content\/uploads\/2022\/03\/Page_Featured_Image_960x250_zandkunstenaar-300x78.png 300w, https:\/\/heartbeatchurch.be\/wp-content\/uploads\/2022\/03\/Page_Featured_Image_960x250_zandkunstenaar-768x200.png 768w\" sizes=\"auto, (max-width: 960px) 100vw, 960px\" \/><\/figure>\n\n\n\n<p>C\u00e9l\u00e9bration de P\u00e2ques avec l&rsquo;histoire de la passion apport\u00e9e par l&rsquo;artiste sur sable Immanuel Boie.&nbsp;<\/p>\n\n\n\n<p><strong>Dimanche 17.04.22 &#8211; 10h\u00a0<\/strong><\/p>\n\n\n\n<p><strong>Comment je me d\u00e9cris:<\/strong><br>Je suis un professeur de musique atypique dans une \u00e9cole d&rsquo;enseignement exceptionnel. Mon travail consiste \u00e0 m&rsquo;exprimer de mani\u00e8re cr\u00e9ative. Cours de th\u00e9\u00e2tre, de musique, de mouvement, de m\u00e9dias et d&rsquo;images. Pendant mon temps libre, je continue juste mon travail mais sans \u00ab\u00a0encadrement scolaire\u00a0\u00bb, sous une forme plus extr\u00eame. Je ne suis pas fou, je me comporte comme un fou : c&rsquo;est mon excuse. Entre mes mains, les choses commencent \u00e0 avoir des probl\u00e8mes d&rsquo;identit\u00e9, mais\u2026 elles s&rsquo;en remettent.<\/p>\n\n\n\n<p>Je suis surtout dessinateur\u2026 parce que c&rsquo;est le m\u00e9tier dans lequel je me suis le plus entra\u00een\u00e9. Parce que j&rsquo;ai \u00e9t\u00e9 \u00e9lev\u00e9 sans regarder la t\u00e9l\u00e9vision, je n&rsquo;ai pas perdu mon temps \u00e0 m&rsquo;asseoir mais \u00e0 jouer et\u2026 \u00e0 dessiner. Un homme sage a ordonn\u00e9 \u00e0 ses disciples de ne pas enterrer leurs talents mais de les utiliser. Je dis : enterrez votre t\u00e9l\u00e9 et d\u00e9veloppez vos talents !<\/p>\n\n\n\n<hr class=\"wp-block-separator\"\/>\n\n\n\n<div class=\"wp-block-buttons is-layout-flex wp-block-buttons-is-layout-flex\">\n<div class=\"wp-block-button\"><a class=\"wp-block-button__link\" href=\"http:\/\/www.facebook.com\/Zandkunst\" target=\"_blank\" rel=\"noreferrer noopener\"><sup><img loading=\"lazy\" decoding=\"async\" width=\"25\" height=\"25\" class=\"wp-image-1825\" style=\"width: 25px;\" src=\"https:\/\/heartbeatchurch.be\/wp-content\/uploads\/2022\/03\/Social_FB_W.png\" alt=\"\" srcset=\"https:\/\/heartbeatchurch.be\/wp-content\/uploads\/2022\/03\/Social_FB_W.png 220w, https:\/\/heartbeatchurch.be\/wp-content\/uploads\/2022\/03\/Social_FB_W-150x150.png 150w, https:\/\/heartbeatchurch.be\/wp-content\/uploads\/2022\/03\/Social_FB_W-400x400.png 400w, https:\/\/heartbeatchurch.be\/wp-content\/uploads\/2022\/03\/Social_FB_W-100x100.png 100w\" sizes=\"auto, (max-width: 25px) 100vw, 25px\" \/><\/sup> Zandkunst<\/a><\/div>\n\n\n\n<div class=\"wp-block-button\"><a class=\"wp-block-button__link\" href=\"http:\/\/www.youtube.com\/immanuelboie\/videos\" target=\"_blank\" rel=\"noreferrer noopener\"><sup><img loading=\"lazy\" decoding=\"async\" width=\"25\" height=\"25\" class=\"wp-image-1816\" style=\"width: 25px;\" src=\"https:\/\/heartbeatchurch.be\/wp-content\/uploads\/2022\/03\/Social_YT_W.png\" alt=\"\" srcset=\"https:\/\/heartbeatchurch.be\/wp-content\/uploads\/2022\/03\/Social_YT_W.png 220w, https:\/\/heartbeatchurch.be\/wp-content\/uploads\/2022\/03\/Social_YT_W-150x150.png 150w, https:\/\/heartbeatchurch.be\/wp-content\/uploads\/2022\/03\/Social_YT_W-400x400.png 400w, https:\/\/heartbeatchurch.be\/wp-content\/uploads\/2022\/03\/Social_YT_W-100x100.png 100w\" sizes=\"auto, (max-width: 25px) 100vw, 25px\" \/><\/sup> Immanuel Boie <\/a><\/div>\n\n\n\n<div class=\"wp-block-button\"><a class=\"wp-block-button__link\" href=\"http:\/\/www.zandkunst.be\" target=\"_blank\" rel=\"noreferrer noopener\">Website<\/a><\/div>\n<\/div>\n\n\n\n<figure class=\"wp-block-embed is-type-video is-provider-youtube wp-block-embed-youtube wp-embed-aspect-16-9 wp-has-aspect-ratio\"><div class=\"wp-block-embed__wrapper\">\n<iframe loading=\"lazy\" title=\"OP VASTE GROND: JEZUS VALT VOOR DE EERSTE KEER\" width=\"500\" height=\"281\" src=\"https:\/\/www.youtube.com\/embed\/QZ43SqeM64M?feature=oembed&#038;wmode=transparent&#038;rel=0&#038;showinfo=0&#038;color=white&#038;modestbranding=1\" style=\"border: none;\" allow=\"accelerometer; autoplay; clipboard-write; encrypted-media; gyroscope; picture-in-picture; web-share\" referrerpolicy=\"strict-origin-when-cross-origin\" allowfullscreen><\/iframe>\n<\/div><\/figure>\n","protected":false},"excerpt":{"rendered":"<p>C\u00e9l\u00e9bration de P\u00e2ques avec l&rsquo;histoire de la passion apport\u00e9e par l&rsquo;artiste sur sable Immanuel Boie.&nbsp; Dimanche 17.04.22 &#8211; 10h\u00a0 Comment je me d\u00e9cris:Je suis un professeur de musique atypique dans une \u00e9cole d&rsquo;enseignement exceptionnel. Mon travail consiste \u00e0 m&rsquo;exprimer de mani\u00e8re cr\u00e9ative. Cours de th\u00e9\u00e2tre, de musique, de mouvement, de m\u00e9dias et d&rsquo;images. Pendant mon&hellip;<\/p>\n","protected":false},"author":1,"featured_media":1915,"parent":2292,"menu_order":3,"comment_status":"closed","ping_status":"closed","template":"","meta":{"om_disable_all_campaigns":false,"_monsterinsights_skip_tracking":false,"_monsterinsights_sitenote_active":false,"_monsterinsights_sitenote_note":"","_monsterinsights_sitenote_category":0,"footnotes":""},"class_list":["post-2299","page","type-page","status-publish","has-post-thumbnail","hentry","ctfw-has-image"],"aioseo_notices":[],"_links":{"self":[{"href":"https:\/\/heartbeatchurch.be\/fr\/wp-json\/wp\/v2\/pages\/2299","targetHints":{"allow":["GET"]}}],"collection":[{"href":"https:\/\/heartbeatchurch.be\/fr\/wp-json\/wp\/v2\/pages"}],"about":[{"href":"https:\/\/heartbeatchurch.be\/fr\/wp-json\/wp\/v2\/types\/page"}],"author":[{"embeddable":true,"href":"https:\/\/heartbeatchurch.be\/fr\/wp-json\/wp\/v2\/users\/1"}],"replies":[{"embeddable":true,"href":"https:\/\/heartbeatchurch.be\/fr\/wp-json\/wp\/v2\/comments?post=2299"}],"version-history":[{"count":1,"href":"https:\/\/heartbeatchurch.be\/fr\/wp-json\/wp\/v2\/pages\/2299\/revisions"}],"predecessor-version":[{"id":2300,"href":"https:\/\/heartbeatchurch.be\/fr\/wp-json\/wp\/v2\/pages\/2299\/revisions\/2300"}],"up":[{"embeddable":true,"href":"https:\/\/heartbeatchurch.be\/fr\/wp-json\/wp\/v2\/pages\/2292"}],"wp:featuredmedia":[{"embeddable":true,"href":"https:\/\/heartbeatchurch.be\/fr\/wp-json\/wp\/v2\/media\/1915"}],"wp:attachment":[{"href":"https:\/\/heartbeatchurch.be\/fr\/wp-json\/wp\/v2\/media?parent=2299"}],"curies":[{"name":"wp","href":"https:\/\/api.w.org\/{rel}","templated":true}]}}