{"id":2304,"date":"2022-03-19T13:57:13","date_gmt":"2022-03-19T12:57:13","guid":{"rendered":"https:\/\/heartbeatchurch.be\/?page_id=2304"},"modified":"2022-03-28T10:28:42","modified_gmt":"2022-03-28T08:28:42","slug":"evenements","status":"publish","type":"page","link":"https:\/\/heartbeatchurch.be\/fr\/evenements\/","title":{"rendered":"\u00c9v\u00e9nements"},"content":{"rendered":"\n<p>Nous nous r\u00e9unissons sur une base hebdomadaire le dimanche. Les r\u00e9unions du dimanche constituent la base du calendrier de Heartbeat Church. Ci-dessous, vous trouverez les d\u00e9tails de nos r\u00e9unions du dimanche et tous les autres \u00e9v\u00e9nements Heartbeat \u00e0 venir. N&rsquo;h\u00e9sitez pas \u00e0 vous joindre \u00e0 l&rsquo;un d&rsquo;eux. Ils sont tous gratuits sauf mention contraire dans les d\u00e9tails de l&rsquo;\u00e9v\u00e9nement.<\/p>\n","protected":false},"excerpt":{"rendered":"<p>Nous nous r\u00e9unissons sur une base hebdomadaire le dimanche. Les r\u00e9unions du dimanche constituent la base du calendrier de Heartbeat Church. Ci-dessous, vous trouverez les d\u00e9tails de nos r\u00e9unions du dimanche et tous les autres \u00e9v\u00e9nements Heartbeat \u00e0 venir. N&rsquo;h\u00e9sitez pas \u00e0 vous joindre \u00e0 l&rsquo;un d&rsquo;eux. Ils sont tous gratuits sauf mention contraire dans&hellip;<\/p>\n","protected":false},"author":1,"featured_media":1621,"parent":0,"menu_order":0,"comment_status":"closed","ping_status":"closed","template":"page-templates\/events-upcoming.php","meta":{"om_disable_all_campaigns":false,"_monsterinsights_skip_tracking":false,"_monsterinsights_sitenote_active":false,"_monsterinsights_sitenote_note":"","_monsterinsights_sitenote_category":0,"footnotes":""},"class_list":["post-2304","page","type-page","status-publish","has-post-thumbnail","hentry","ctfw-has-image"],"aioseo_notices":[],"_links":{"self":[{"href":"https:\/\/heartbeatchurch.be\/fr\/wp-json\/wp\/v2\/pages\/2304","targetHints":{"allow":["GET"]}}],"collection":[{"href":"https:\/\/heartbeatchurch.be\/fr\/wp-json\/wp\/v2\/pages"}],"about":[{"href":"https:\/\/heartbeatchurch.be\/fr\/wp-json\/wp\/v2\/types\/page"}],"author":[{"embeddable":true,"href":"https:\/\/heartbeatchurch.be\/fr\/wp-json\/wp\/v2\/users\/1"}],"replies":[{"embeddable":true,"href":"https:\/\/heartbeatchurch.be\/fr\/wp-json\/wp\/v2\/comments?post=2304"}],"version-history":[{"count":2,"href":"https:\/\/heartbeatchurch.be\/fr\/wp-json\/wp\/v2\/pages\/2304\/revisions"}],"predecessor-version":[{"id":2388,"href":"https:\/\/heartbeatchurch.be\/fr\/wp-json\/wp\/v2\/pages\/2304\/revisions\/2388"}],"wp:featuredmedia":[{"embeddable":true,"href":"https:\/\/heartbeatchurch.be\/fr\/wp-json\/wp\/v2\/media\/1621"}],"wp:attachment":[{"href":"https:\/\/heartbeatchurch.be\/fr\/wp-json\/wp\/v2\/media?parent=2304"}],"curies":[{"name":"wp","href":"https:\/\/api.w.org\/{rel}","templated":true}]}}