{"id":2309,"date":"2022-03-19T14:07:32","date_gmt":"2022-03-19T13:07:32","guid":{"rendered":"https:\/\/heartbeatchurch.be\/?page_id=2309"},"modified":"2022-05-03T11:36:56","modified_gmt":"2022-05-03T09:36:56","slug":"giving","status":"publish","type":"page","link":"https:\/\/heartbeatchurch.be\/fr\/giving\/","title":{"rendered":"Donner"},"content":{"rendered":"\n<p>Nous croyons que nous r\u00e9colterons si nous semons dans la bonne terre. Nous vous encourageons \u00e0 donner des d\u00eemes et \u00e0 vivre un style de vie g\u00e9n\u00e9reux. Heartbeat Church veut \u00eatre ouvert et transparent concernant la mani\u00e8re dont nous semons les fonds entrant. Nous nous assurons que tous les co\u00fbts op\u00e9rationnels sont couverts. Outre ces frais, nous nous engageons \u00e0 soutenir mensuellement 4 organisations et minist\u00e8res. Nous offrons \u00e9galement des dons ponctuels \u00e0 des initiatives locales ou internationales. Si c\u2019est le cas, nous l\u2019annon\u00e7ons lors du culte hebdomadaires du dimanche.<\/p>\n\n\n\n<p>Souhaitez-vous transf\u00e9rer un don \u00e0 Heartbeat Church: <br>BE48 0014 1133 3327 \u2022 BIC: GEBABEBB<\/p>\n\n\n\n<p>Notre Heartbeat Church responsable, Luc Depreter, a donn\u00e9 un message concernant l\u2019apport des d\u00eemes et donner financi\u00e8rement lors de l&rsquo;un de nos cultes du dimanche. N&rsquo;h\u00e9sitez pas \u00e0 l&rsquo;\u00e9couter ici.<\/p>\n\n\n\n<figure class=\"wp-block-audio\"><audio controls src=\"https:\/\/heartbeatchurch.be\/wp-content\/uploads\/2022\/03\/2021-09-26-Luc-Depreter-tienden-geven-1.mp3\"><\/audio><\/figure>\n\n\n\n<h4 class=\"wp-block-heading\">Organisations et minist\u00e8res que nous supportons mensuellement:<\/h4>\n\n\n\n<h5 class=\"wp-block-heading\">Cherut ASBL<\/h5>\n\n\n\n<p>Cherut offre aide et soutien aux filles, femmes et personnes transgenres en situation de vuln\u00e9rabilit\u00e9 li\u00e9e \u00e0 la prostitution, l&rsquo;exploitation et la traite des \u00eatres humains.<\/p>\n\n\n\n<p>Cherut signifie libert\u00e9 et repr\u00e9sente la libert\u00e9 de choisir, en particulier pour ceux qui n&rsquo;ont que peu ou pas de choix. Ensemble, nous d\u00e9fendons un monde sans injustice ni exploitation et nous aidons ce groupe cible \u00e0 trouver la libert\u00e9 dans leur vie. Libert\u00e9 de choisir. La libert\u00e9 de se (re)trouver et de se tenir en son pouvoir. Libert\u00e9 de r\u00e9aliser ses r\u00eaves. <\/p>\n\n\n\n<p>Plus d&rsquo;infos sur le site de Cherut : <a href=\"https:\/\/www.cherutbelgium.com\" target=\"_blank\" rel=\"noreferrer noopener\">www.cherutbelgium.com<\/a><\/p>\n\n\n\n<figure class=\"wp-block-embed is-type-video is-provider-youtube wp-block-embed-youtube wp-embed-aspect-16-9 wp-has-aspect-ratio\"><div class=\"wp-block-embed__wrapper\">\n<iframe loading=\"lazy\" title=\"Cherut &amp; Koffieklap (engelse audio - nederlandse ondertitels)\" width=\"500\" height=\"281\" src=\"https:\/\/www.youtube.com\/embed\/goX4YjmKTK0?feature=oembed&#038;wmode=transparent&#038;rel=0&#038;showinfo=0&#038;color=white&#038;modestbranding=1\" style=\"border: none;\" allow=\"accelerometer; autoplay; clipboard-write; encrypted-media; gyroscope; picture-in-picture; web-share\" referrerpolicy=\"strict-origin-when-cross-origin\" allowfullscreen><\/iframe>\n<\/div><\/figure>\n\n\n\n<h5 class=\"wp-block-heading\">Christine Tooze<\/h5>\n\n\n\n<p>Christine vit \u00e0 Sheffield (Royaume-Uni). Christine a la passion de partager J\u00e9sus sous toutes ses facettes, Elle ouvre la porte vers Dieu \u00e0 beaucoup de gens. Elle a un minist\u00e8re proph\u00e9tique et apostolique. Christine adore voir les gens entrer dans leur destin\u00e9e. Heartbeat Church la re\u00e7oit r\u00e9guli\u00e8rement comme conf\u00e9renci\u00e8re.<\/p>\n\n\n\n<h5 class=\"wp-block-heading\">Marlene Holtzhausen<\/h5>\n\n\n\n<div class=\"wp-block-media-text alignwide is-stacked-on-mobile\" style=\"grid-template-columns:26% auto\"><figure class=\"wp-block-media-text__media\"><img loading=\"lazy\" decoding=\"async\" width=\"683\" height=\"1024\" src=\"http:\/\/heartbeatchurch.be\/wp-content\/uploads\/2022\/03\/DC21DD99-CA3C-422A-A06F-1FE51A3D810F-683x1024.jpeg\" alt=\"\" class=\"wp-image-2119 size-full\" srcset=\"https:\/\/heartbeatchurch.be\/wp-content\/uploads\/2022\/03\/DC21DD99-CA3C-422A-A06F-1FE51A3D810F-683x1024.jpeg 683w, https:\/\/heartbeatchurch.be\/wp-content\/uploads\/2022\/03\/DC21DD99-CA3C-422A-A06F-1FE51A3D810F-200x300.jpeg 200w, https:\/\/heartbeatchurch.be\/wp-content\/uploads\/2022\/03\/DC21DD99-CA3C-422A-A06F-1FE51A3D810F-768x1152.jpeg 768w, https:\/\/heartbeatchurch.be\/wp-content\/uploads\/2022\/03\/DC21DD99-CA3C-422A-A06F-1FE51A3D810F-1024x1536.jpeg 1024w, https:\/\/heartbeatchurch.be\/wp-content\/uploads\/2022\/03\/DC21DD99-CA3C-422A-A06F-1FE51A3D810F-1365x2048.jpeg 1365w, https:\/\/heartbeatchurch.be\/wp-content\/uploads\/2022\/03\/DC21DD99-CA3C-422A-A06F-1FE51A3D810F-scaled.jpeg 1707w\" sizes=\"auto, (max-width: 683px) 100vw, 683px\" \/><\/figure><div class=\"wp-block-media-text__content\">\n<p>Marlene Holtzhausen est originaire d&rsquo;Afrique du Sud o\u00f9 elle a fait ses \u00e9tudes universitaires. Elle est appel\u00e9e \u00e0 servir le peuple de Dieu en tant que proph\u00e8te. Auparavant, elle a travaill\u00e9&nbsp; comme intercesseur dans l\u2019\u00e9quipe de Reinhardt B\u00f6ncke. Elle a parcouru le monde entier comme proph\u00e8te jusqu\u2019\u00e0 ce que le Seigneur l\u2019a rappelle \u00e0 ses racines (les Huguenots). Ainsi depuis 2000 elle vit et sert en France. Elle marche intimement avec le Seigneur et pr\u00eache Sa Parole avec audace.<br><em>Photocredit: Klara Mertens &#8211; Duizend Woorden<\/em><\/p>\n<\/div><\/div>\n\n\n\n<h5 class=\"wp-block-heading\">Tabita ASBL<\/h5>\n\n\n\n<p>Tabita asbl est une banque alimentaire qui donne de l&rsquo;aide mat\u00e9rielle aux pauvres sous forme de nourriture et de v\u00eatements. De plus, Tabita soutient les personnes dans le besoin spirituel en partageant de mani\u00e8re d\u00e9sint\u00e9ress\u00e9e l&rsquo;amour de J\u00e9sus Christ, ceci en passant du temps avec eux, \u00e9tant \u00e0 leur \u00e9coute et leur apportant de la consolation. <\/p>\n\n\n\n<p>Ainsi, Tabita soutient plus de cent familles de mani\u00e8re hebdomadaire, et pr\u00e8s de 600 personnes mensuellement, depuis plus de 15 ans.<\/p>\n\n\n\n<p>A travers les ann\u00e9es Tabita a pu aider des centaines de familles \u00e0 traverser une p\u00e9riode difficile de leur existence, quelle que soit leur origine. La provision de l&rsquo;aide pour les besoins de base a permis \u00e0 ces familles d\u2019avoir la possibilit\u00e9 d&rsquo;entreprendre les d\u00e9marches n\u00e9cessaires afin de pouvoir sortir eux-m\u00eames de la pauvret\u00e9.<\/p>\n\n\n\n<p>Pour plus d&rsquo;information <a href=\"https:\/\/www.facebook.com\/BruxellesTabita\" target=\"_blank\" rel=\"noreferrer noopener\">contacter<\/a> Tabita. Si vous d\u00e9sirez nous soutenir financi\u00e8rement vous pouvez le faire sur le compte bancaire BE44 7350 0381 7845.<\/p>\n\n\n\n<p>Video on the work of Jeanine Weyckmans, founder of Tabita VZW:<\/p>\n\n\n\n<figure class=\"wp-block-embed is-type-video is-provider-vimeo wp-block-embed-vimeo wp-embed-aspect-16-9 wp-has-aspect-ratio\"><div class=\"wp-block-embed__wrapper\">\n<iframe loading=\"lazy\" title=\"Jeannine, volunteer at food bank\" src=\"https:\/\/player.vimeo.com\/video\/377847925?dnt=1&#038;app_id=122963&#038;title=0&#038;byline=0&#038;portrait=0&#038;color=ffffff\" width=\"500\" height=\"281\" style=\"border: none;\" allow=\"autoplay; fullscreen; picture-in-picture; clipboard-write\"><\/iframe>\n<\/div><\/figure>\n\n\n\n<p>Plus d&rsquo;information sur le Facebook de Tabitha: <a href=\"https:\/\/www.facebook.com\/BruxellesTabita\" target=\"_blank\" rel=\"noreferrer noopener\" title=\"@BruxellesTabita\">@BruxellesTabita<\/a><\/p>\n","protected":false},"excerpt":{"rendered":"<p>Nous croyons que nous r\u00e9colterons si nous semons dans la bonne terre. Nous vous encourageons \u00e0 donner des d\u00eemes et \u00e0 vivre un style de vie g\u00e9n\u00e9reux. Heartbeat Church veut \u00eatre ouvert et transparent concernant la mani\u00e8re dont nous semons les fonds entrant. Nous nous assurons que tous les co\u00fbts op\u00e9rationnels sont couverts. Outre ces&hellip;<\/p>\n","protected":false},"author":1,"featured_media":2023,"parent":0,"menu_order":0,"comment_status":"closed","ping_status":"closed","template":"","meta":{"om_disable_all_campaigns":false,"_monsterinsights_skip_tracking":false,"_monsterinsights_sitenote_active":false,"_monsterinsights_sitenote_note":"","_monsterinsights_sitenote_category":0,"footnotes":""},"class_list":["post-2309","page","type-page","status-publish","has-post-thumbnail","hentry","ctfw-has-image"],"aioseo_notices":[],"_links":{"self":[{"href":"https:\/\/heartbeatchurch.be\/fr\/wp-json\/wp\/v2\/pages\/2309","targetHints":{"allow":["GET"]}}],"collection":[{"href":"https:\/\/heartbeatchurch.be\/fr\/wp-json\/wp\/v2\/pages"}],"about":[{"href":"https:\/\/heartbeatchurch.be\/fr\/wp-json\/wp\/v2\/types\/page"}],"author":[{"embeddable":true,"href":"https:\/\/heartbeatchurch.be\/fr\/wp-json\/wp\/v2\/users\/1"}],"replies":[{"embeddable":true,"href":"https:\/\/heartbeatchurch.be\/fr\/wp-json\/wp\/v2\/comments?post=2309"}],"version-history":[{"count":7,"href":"https:\/\/heartbeatchurch.be\/fr\/wp-json\/wp\/v2\/pages\/2309\/revisions"}],"predecessor-version":[{"id":2482,"href":"https:\/\/heartbeatchurch.be\/fr\/wp-json\/wp\/v2\/pages\/2309\/revisions\/2482"}],"wp:featuredmedia":[{"embeddable":true,"href":"https:\/\/heartbeatchurch.be\/fr\/wp-json\/wp\/v2\/media\/2023"}],"wp:attachment":[{"href":"https:\/\/heartbeatchurch.be\/fr\/wp-json\/wp\/v2\/media?parent=2309"}],"curies":[{"name":"wp","href":"https:\/\/api.w.org\/{rel}","templated":true}]}}