{"id":2311,"date":"2022-03-19T14:08:33","date_gmt":"2022-03-19T13:08:33","guid":{"rendered":"https:\/\/heartbeatchurch.be\/?page_id=2311"},"modified":"2022-03-19T14:10:28","modified_gmt":"2022-03-19T13:10:28","slug":"ministries","status":"publish","type":"page","link":"https:\/\/heartbeatchurch.be\/fr\/ministries\/","title":{"rendered":"Minist\u00e8res"},"content":{"rendered":"\n<p>C&rsquo;est notre d\u00e9sir de vous \u00e9quiper et de vous servir avec les choses que Dieu a plac\u00e9es en chacun de nous, pour vous amener plus loin dans votre marche avec Lui. N&rsquo;h\u00e9sitez pas \u00e0 jeter un \u0153il aux diff\u00e9rents minist\u00e8res repr\u00e9sent\u00e9s \u00e0 Heartbeat Church. Nous serons heureux de vous accueillir et de vous servir dans ce minist\u00e8re.<\/p>\n","protected":false},"excerpt":{"rendered":"<p>C&rsquo;est notre d\u00e9sir de vous \u00e9quiper et de vous servir avec les choses que Dieu a plac\u00e9es en chacun de nous, pour vous amener plus loin dans votre marche avec Lui. N&rsquo;h\u00e9sitez pas \u00e0 jeter un \u0153il aux diff\u00e9rents minist\u00e8res repr\u00e9sent\u00e9s \u00e0 Heartbeat Church. Nous serons heureux de vous accueillir et de vous servir dans&hellip;<\/p>\n","protected":false},"author":1,"featured_media":2013,"parent":0,"menu_order":0,"comment_status":"closed","ping_status":"closed","template":"page-templates\/child-pages.php","meta":{"om_disable_all_campaigns":false,"_monsterinsights_skip_tracking":false,"_monsterinsights_sitenote_active":false,"_monsterinsights_sitenote_note":"","_monsterinsights_sitenote_category":0,"footnotes":""},"class_list":["post-2311","page","type-page","status-publish","has-post-thumbnail","hentry","ctfw-has-image"],"aioseo_notices":[],"_links":{"self":[{"href":"https:\/\/heartbeatchurch.be\/fr\/wp-json\/wp\/v2\/pages\/2311","targetHints":{"allow":["GET"]}}],"collection":[{"href":"https:\/\/heartbeatchurch.be\/fr\/wp-json\/wp\/v2\/pages"}],"about":[{"href":"https:\/\/heartbeatchurch.be\/fr\/wp-json\/wp\/v2\/types\/page"}],"author":[{"embeddable":true,"href":"https:\/\/heartbeatchurch.be\/fr\/wp-json\/wp\/v2\/users\/1"}],"replies":[{"embeddable":true,"href":"https:\/\/heartbeatchurch.be\/fr\/wp-json\/wp\/v2\/comments?post=2311"}],"version-history":[{"count":2,"href":"https:\/\/heartbeatchurch.be\/fr\/wp-json\/wp\/v2\/pages\/2311\/revisions"}],"predecessor-version":[{"id":2314,"href":"https:\/\/heartbeatchurch.be\/fr\/wp-json\/wp\/v2\/pages\/2311\/revisions\/2314"}],"wp:featuredmedia":[{"embeddable":true,"href":"https:\/\/heartbeatchurch.be\/fr\/wp-json\/wp\/v2\/media\/2013"}],"wp:attachment":[{"href":"https:\/\/heartbeatchurch.be\/fr\/wp-json\/wp\/v2\/media?parent=2311"}],"curies":[{"name":"wp","href":"https:\/\/api.w.org\/{rel}","templated":true}]}}