{"id":2315,"date":"2022-03-19T14:12:39","date_gmt":"2022-03-19T13:12:39","guid":{"rendered":"https:\/\/heartbeatchurch.be\/?page_id=2315"},"modified":"2022-03-28T10:34:32","modified_gmt":"2022-03-28T08:34:32","slug":"groupes-de-maison","status":"publish","type":"page","link":"https:\/\/heartbeatchurch.be\/fr\/ministries\/groupes-de-maison\/","title":{"rendered":"Groupes de maison"},"content":{"rendered":"\n<p>Chaque semaine, un groupe de maison se r\u00e9unit. L&rsquo;objectif est d\u2019enseigner les gens, de les \u00e9difier et de les encourager dans un environnement confortable, paisible et chaleureux. En nous r\u00e9unissant dans un tel cadre, nous voulons fortifier notre relation avec Dieu notre relation les uns avec les autres. Nous offrons un lieu s\u00e9curisant o\u00f9 les gens peuvent d\u00e9velopper leurs dons et leurs talents.<\/p>\n\n\n\n<p>Si vous \u00eates int\u00e9ress\u00e9 \u00e0 rejoindre un groupe de maison, veuillez nous contacter \u00e0 travers le <a href=\"https:\/\/heartbeatchurch.be\/fr\/formulaire-de-contact\/\">formulaire de contact<\/a>.<\/p>\n","protected":false},"excerpt":{"rendered":"<p>Chaque semaine, un groupe de maison se r\u00e9unit. L&rsquo;objectif est d\u2019enseigner les gens, de les \u00e9difier et de les encourager dans un environnement confortable, paisible et chaleureux. En nous r\u00e9unissant dans un tel cadre, nous voulons fortifier notre relation avec Dieu notre relation les uns avec les autres. Nous offrons un lieu s\u00e9curisant o\u00f9 les&hellip;<\/p>\n","protected":false},"author":1,"featured_media":2017,"parent":2311,"menu_order":2,"comment_status":"closed","ping_status":"closed","template":"","meta":{"om_disable_all_campaigns":false,"_monsterinsights_skip_tracking":false,"_monsterinsights_sitenote_active":false,"_monsterinsights_sitenote_note":"","_monsterinsights_sitenote_category":0,"footnotes":""},"class_list":["post-2315","page","type-page","status-publish","has-post-thumbnail","hentry","ctfw-has-image"],"aioseo_notices":[],"_links":{"self":[{"href":"https:\/\/heartbeatchurch.be\/fr\/wp-json\/wp\/v2\/pages\/2315","targetHints":{"allow":["GET"]}}],"collection":[{"href":"https:\/\/heartbeatchurch.be\/fr\/wp-json\/wp\/v2\/pages"}],"about":[{"href":"https:\/\/heartbeatchurch.be\/fr\/wp-json\/wp\/v2\/types\/page"}],"author":[{"embeddable":true,"href":"https:\/\/heartbeatchurch.be\/fr\/wp-json\/wp\/v2\/users\/1"}],"replies":[{"embeddable":true,"href":"https:\/\/heartbeatchurch.be\/fr\/wp-json\/wp\/v2\/comments?post=2315"}],"version-history":[{"count":2,"href":"https:\/\/heartbeatchurch.be\/fr\/wp-json\/wp\/v2\/pages\/2315\/revisions"}],"predecessor-version":[{"id":2390,"href":"https:\/\/heartbeatchurch.be\/fr\/wp-json\/wp\/v2\/pages\/2315\/revisions\/2390"}],"up":[{"embeddable":true,"href":"https:\/\/heartbeatchurch.be\/fr\/wp-json\/wp\/v2\/pages\/2311"}],"wp:featuredmedia":[{"embeddable":true,"href":"https:\/\/heartbeatchurch.be\/fr\/wp-json\/wp\/v2\/media\/2017"}],"wp:attachment":[{"href":"https:\/\/heartbeatchurch.be\/fr\/wp-json\/wp\/v2\/media?parent=2315"}],"curies":[{"name":"wp","href":"https:\/\/api.w.org\/{rel}","templated":true}]}}