{"id":2317,"date":"2022-03-19T14:14:41","date_gmt":"2022-03-19T13:14:41","guid":{"rendered":"https:\/\/heartbeatchurch.be\/?page_id=2317"},"modified":"2022-03-28T10:32:39","modified_gmt":"2022-03-28T08:32:39","slug":"precious-singles","status":"publish","type":"page","link":"https:\/\/heartbeatchurch.be\/fr\/ministries\/precious-singles\/","title":{"rendered":"Precious Singles"},"content":{"rendered":"\n<p>Precious Single organise plusieurs r\u00e9unions au cours de l&rsquo;ann\u00e9e pour discuter de sujets sp\u00e9cifiques sur la vie de c\u00e9libataire et la foi.<\/p>\n\n\n\n<p>Nos objectifs sont :<\/p>\n\n\n\n<ul class=\"wp-block-list\"><li>Encourager chaque c\u00e9libataire \u00e0 accomplir la mission que Dieu lui a donn\u00e9e sur la terre, mari\u00e9(e) ou pas, avec ou sans enfants ;<\/li><li>Aider chaque personne \u00e0 comprendre qu&rsquo;elle\/il n\u2019est pas seul(e) et qu\u2019il est important de s\u2019\u00e9difier les uns les autres \u00e0 avoir foi en J\u00e9sus-Christ ;<\/li><li>Passer du temps de qualit\u00e9 avec d&rsquo;autres c\u00e9libataires ;<\/li><li>R\u00e9fl\u00e9chir et discuter sur les mani\u00e8res de porter du fruit, utiliser ses dons pour servir Dieu et la soci\u00e9t\u00e9.<\/li><\/ul>\n\n\n\n<p><a href=\"https:\/\/sites.google.com\/view\/precioussingles\/a-proposabout\" target=\"_blank\" rel=\"noreferrer noopener\" title=\"Read more about Precious Singels.\">Plus d&rsquo;information sur Precious Singles.<\/a><\/p>\n","protected":false},"excerpt":{"rendered":"<p>Precious Single organise plusieurs r\u00e9unions au cours de l&rsquo;ann\u00e9e pour discuter de sujets sp\u00e9cifiques sur la vie de c\u00e9libataire et la foi. Nos objectifs sont : Encourager chaque c\u00e9libataire \u00e0 accomplir la mission que Dieu lui a donn\u00e9e sur la terre, mari\u00e9(e) ou pas, avec ou sans enfants ; Aider chaque personne \u00e0 comprendre qu&rsquo;elle\/il&hellip;<\/p>\n","protected":false},"author":1,"featured_media":2020,"parent":2311,"menu_order":3,"comment_status":"closed","ping_status":"closed","template":"","meta":{"om_disable_all_campaigns":false,"_monsterinsights_skip_tracking":false,"_monsterinsights_sitenote_active":false,"_monsterinsights_sitenote_note":"","_monsterinsights_sitenote_category":0,"footnotes":""},"class_list":["post-2317","page","type-page","status-publish","has-post-thumbnail","hentry","ctfw-has-image"],"aioseo_notices":[],"_links":{"self":[{"href":"https:\/\/heartbeatchurch.be\/fr\/wp-json\/wp\/v2\/pages\/2317","targetHints":{"allow":["GET"]}}],"collection":[{"href":"https:\/\/heartbeatchurch.be\/fr\/wp-json\/wp\/v2\/pages"}],"about":[{"href":"https:\/\/heartbeatchurch.be\/fr\/wp-json\/wp\/v2\/types\/page"}],"author":[{"embeddable":true,"href":"https:\/\/heartbeatchurch.be\/fr\/wp-json\/wp\/v2\/users\/1"}],"replies":[{"embeddable":true,"href":"https:\/\/heartbeatchurch.be\/fr\/wp-json\/wp\/v2\/comments?post=2317"}],"version-history":[{"count":2,"href":"https:\/\/heartbeatchurch.be\/fr\/wp-json\/wp\/v2\/pages\/2317\/revisions"}],"predecessor-version":[{"id":2389,"href":"https:\/\/heartbeatchurch.be\/fr\/wp-json\/wp\/v2\/pages\/2317\/revisions\/2389"}],"up":[{"embeddable":true,"href":"https:\/\/heartbeatchurch.be\/fr\/wp-json\/wp\/v2\/pages\/2311"}],"wp:featuredmedia":[{"embeddable":true,"href":"https:\/\/heartbeatchurch.be\/fr\/wp-json\/wp\/v2\/media\/2020"}],"wp:attachment":[{"href":"https:\/\/heartbeatchurch.be\/fr\/wp-json\/wp\/v2\/media?parent=2317"}],"curies":[{"name":"wp","href":"https:\/\/api.w.org\/{rel}","templated":true}]}}