{"id":2323,"date":"2022-03-19T14:26:44","date_gmt":"2022-03-19T13:26:44","guid":{"rendered":"https:\/\/heartbeatchurch.be\/?page_id=2323"},"modified":"2023-09-30T12:20:23","modified_gmt":"2023-09-30T10:20:23","slug":"what-we-aim-for","status":"publish","type":"page","link":"https:\/\/heartbeatchurch.be\/fr\/what-we-aim-for\/","title":{"rendered":"Ce que nous visons"},"content":{"rendered":"\n<h3 class=\"wp-block-heading\">NOTRE MISSION&nbsp;<\/h3>\n\n\n\n<p>Notre mission est d\u2019\u00eatre une oasis de l\u2019amour et de la pr\u00e9sence de Dieu o\u00f9 les personnes peuvent \u00eatre \u00e9quip\u00e9es pour entrer dans leur destin\u00e9e et identit\u00e9 en J\u00e9sus-Christ par la puissance du Saint-Esprit.<\/p>\n\n\n\n<h3 class=\"wp-block-heading\">NOTRE VISION&nbsp;<\/h3>\n\n\n\n<p><em>L&rsquo;\u00e9quipe Heartbeat Church peaufine actuellement la vision de l&rsquo;\u00e9glise. C&rsquo;est une t\u00e2che enthousiasmante, que nous partagerons dans nos services et sous peu ici, sur notre site Web.<\/em><\/p>\n","protected":false},"excerpt":{"rendered":"<p>NOTRE MISSION&nbsp; Notre mission est d\u2019\u00eatre une oasis de l\u2019amour et de la pr\u00e9sence de Dieu o\u00f9 les personnes peuvent \u00eatre \u00e9quip\u00e9es pour entrer dans leur destin\u00e9e et identit\u00e9 en J\u00e9sus-Christ par la puissance du Saint-Esprit. NOTRE VISION&nbsp; L&rsquo;\u00e9quipe Heartbeat Church peaufine actuellement la vision de l&rsquo;\u00e9glise. C&rsquo;est une t\u00e2che enthousiasmante, que nous partagerons dans&hellip;<\/p>\n","protected":false},"author":1,"featured_media":1991,"parent":0,"menu_order":0,"comment_status":"closed","ping_status":"closed","template":"","meta":{"om_disable_all_campaigns":false,"_monsterinsights_skip_tracking":false,"_monsterinsights_sitenote_active":false,"_monsterinsights_sitenote_note":"","_monsterinsights_sitenote_category":0,"footnotes":""},"class_list":["post-2323","page","type-page","status-publish","has-post-thumbnail","hentry","ctfw-has-image"],"aioseo_notices":[],"_links":{"self":[{"href":"https:\/\/heartbeatchurch.be\/fr\/wp-json\/wp\/v2\/pages\/2323","targetHints":{"allow":["GET"]}}],"collection":[{"href":"https:\/\/heartbeatchurch.be\/fr\/wp-json\/wp\/v2\/pages"}],"about":[{"href":"https:\/\/heartbeatchurch.be\/fr\/wp-json\/wp\/v2\/types\/page"}],"author":[{"embeddable":true,"href":"https:\/\/heartbeatchurch.be\/fr\/wp-json\/wp\/v2\/users\/1"}],"replies":[{"embeddable":true,"href":"https:\/\/heartbeatchurch.be\/fr\/wp-json\/wp\/v2\/comments?post=2323"}],"version-history":[{"count":3,"href":"https:\/\/heartbeatchurch.be\/fr\/wp-json\/wp\/v2\/pages\/2323\/revisions"}],"predecessor-version":[{"id":3160,"href":"https:\/\/heartbeatchurch.be\/fr\/wp-json\/wp\/v2\/pages\/2323\/revisions\/3160"}],"wp:featuredmedia":[{"embeddable":true,"href":"https:\/\/heartbeatchurch.be\/fr\/wp-json\/wp\/v2\/media\/1991"}],"wp:attachment":[{"href":"https:\/\/heartbeatchurch.be\/fr\/wp-json\/wp\/v2\/media?parent=2323"}],"curies":[{"name":"wp","href":"https:\/\/api.w.org\/{rel}","templated":true}]}}