{"id":2325,"date":"2022-03-19T14:29:59","date_gmt":"2022-03-19T13:29:59","guid":{"rendered":"https:\/\/heartbeatchurch.be\/?page_id=2325"},"modified":"2022-03-28T10:27:31","modified_gmt":"2022-03-28T08:27:31","slug":"what-we-believe","status":"publish","type":"page","link":"https:\/\/heartbeatchurch.be\/fr\/what-we-believe\/","title":{"rendered":"Ce que nous croyons"},"content":{"rendered":"\n<h3 class=\"wp-block-heading\" id=\"about-god\">Nous croyons&#8230;<\/h3>\n\n\n\n<ul class=\"wp-block-list\"><li>\u2026 en un seul vrai Dieu qui est le Roi \u00e9ternel, Cr\u00e9ateur et Lib\u00e9rateur de tout ce qui est. Il est parfaitement saint, v\u00e9ridique, aimant et juste. Il s&rsquo;est r\u00e9v\u00e9l\u00e9 comme l\u2019Eternel &lsquo;Je Suis&rsquo;. Un \u00eatre en trois personnes. Dieu le P\u00e8re, Dieu le Fils et Dieu le Saint-Esprit.<\/li><li>\u2026 que la Bible est la Parole de Dieu inspir\u00e9e, infaillible et faisant autorit\u00e9.<\/li><li>\u2026 que l&rsquo;humanit\u00e9 a \u00e9t\u00e9 cr\u00e9\u00e9e \u00e0 l&rsquo;image de Dieu pour le conna\u00eetre et pour vivre avec Lui ; pourtant nous avons volontairement rejet\u00e9 la domination et la gloire de Dieu qui nous avait \u00e9t\u00e9 assign\u00e9es. En cons\u00e9quence, la maladie, la mort et le jugement sont venus dans le monde. A pr\u00e9sent, la cr\u00e9ation subit les effets et les cons\u00e9quences du p\u00e9ch\u00e9. (Gen\u00e8se)<\/li><li>\u2026 que J\u00e9sus-Christ est le Fils de Dieu, n\u00e9 de la vierge Marie, engendr\u00e9 du Saint-Esprit, et est l&rsquo;oint de Dieu, habilit\u00e9 par le Saint-Esprit, pour apporter le Royaume de Dieu sur la terre. Il a \u00e9t\u00e9 crucifi\u00e9 pour nos p\u00e9ch\u00e9s, est mort et enseveli, est ressuscit\u00e9 et est mont\u00e9 au ciel. Il est maintenant vivant en pr\u00e9sent aupr\u00e8s de Dieu le P\u00e8re et dans son peuple. Il est le \u00ab\u00a0vrai Dieu\u00a0\u00bb, et le \u00ab\u00a0vrai homme\u00a0\u00bb.<\/li><li>\u2026 que nous sommes sauv\u00e9s par la gr\u00e2ce de Dieu par la foi en la personne et l&rsquo;\u0153uvre de J\u00e9sus-Christ. N&rsquo;importe qui peut retrouver la communion avec Dieu en confessant ses p\u00e9ch\u00e9s, en croyant et en recevant J\u00e9sus-Christ comme Sauveur et Seigneur. Le Saint-Esprit nous convainc, nous ranime, nous justifie et nous adopte comme fils et filles alors que nous entrons dans le Royaume de Dieu.<\/li><li>\u2026 que le Saint-Esprit permet au chr\u00e9tien (en qui Il demeure) de vivre saintement et d&rsquo;exercer un minist\u00e8re surnaturel. Le Saint-Esprit (voir Actes 1:4\/8 et 2:4) est r\u00e9pandu sur les croyants afin qu&rsquo;ils re\u00e7oivent la puissance de t\u00e9moigner.<\/li><li>\u2026 que l&rsquo;\u0153uvre victorieuse et r\u00e9demptrice de J\u00e9sus-Christ sur la croix nous lib\u00e8re de la puissance de l&rsquo;ennemi (p\u00e9ch\u00e9, mensonges, maladies, douleur)<\/li><li>\u2026 que son \u00c9glise est compos\u00e9e de tous ceux qui placent leur confiance en J\u00e9sus-Christ. Il a charg\u00e9 Son \u00c9glise de baptiser et de communier. C&rsquo;est la t\u00e2che de l&rsquo;\u00e9glise de continuer l&rsquo;\u0153uvre de J\u00e9sus-Christ pour l&rsquo;\u00e9tablissement de Son Royaume. Nous construisons Son Royaume en d\u00e9faisant les \u0153uvres de l&rsquo;ennemi, en apportant la bonne nouvelle de l&rsquo;amour et de la vie de Dieu, en modelant, baptisant et enseignant aux gens \u00e0 aimer et \u00e0 ob\u00e9ir \u00e0 Dieu.<\/li><li>.\u2026dans le r\u00e8gne toujours croissant de Dieu et dans le retour visible de notre Seigneur J\u00e9sus-Christ dans toute sa gloire \u00e0 son \u00e9pouse victorieuse : Son \u00e9glise.<\/li><li>\u2026 que le paradis et l&rsquo;enfer sont des lieux r\u00e9els. Il y aura une r\u00e9surrection des personnes sauv\u00e9es et perdues, l&rsquo;une pour la vie \u00e9ternelle, l&rsquo;autre pour la mort \u00e9ternelle.<span style=\"font-size: 14.4px; font-family: -apple-system, BlinkMacSystemFont, &quot;Segoe UI&quot;, Roboto, Oxygen-Sans, Ubuntu, Cantarell, &quot;Helvetica Neue&quot;, sans-serif;\">\u00a0 <\/span><\/li><\/ul>\n","protected":false},"excerpt":{"rendered":"<p>Nous croyons&#8230; \u2026 en un seul vrai Dieu qui est le Roi \u00e9ternel, Cr\u00e9ateur et Lib\u00e9rateur de tout ce qui est. Il est parfaitement saint, v\u00e9ridique, aimant et juste. Il s&rsquo;est r\u00e9v\u00e9l\u00e9 comme l\u2019Eternel &lsquo;Je Suis&rsquo;. Un \u00eatre en trois personnes. Dieu le P\u00e8re, Dieu le Fils et Dieu le Saint-Esprit. \u2026 que la Bible&hellip;<\/p>\n","protected":false},"author":1,"featured_media":1617,"parent":0,"menu_order":0,"comment_status":"closed","ping_status":"closed","template":"","meta":{"om_disable_all_campaigns":false,"_monsterinsights_skip_tracking":false,"_monsterinsights_sitenote_active":false,"_monsterinsights_sitenote_note":"","_monsterinsights_sitenote_category":0,"footnotes":""},"class_list":["post-2325","page","type-page","status-publish","has-post-thumbnail","hentry","ctfw-has-image"],"aioseo_notices":[],"_links":{"self":[{"href":"https:\/\/heartbeatchurch.be\/fr\/wp-json\/wp\/v2\/pages\/2325","targetHints":{"allow":["GET"]}}],"collection":[{"href":"https:\/\/heartbeatchurch.be\/fr\/wp-json\/wp\/v2\/pages"}],"about":[{"href":"https:\/\/heartbeatchurch.be\/fr\/wp-json\/wp\/v2\/types\/page"}],"author":[{"embeddable":true,"href":"https:\/\/heartbeatchurch.be\/fr\/wp-json\/wp\/v2\/users\/1"}],"replies":[{"embeddable":true,"href":"https:\/\/heartbeatchurch.be\/fr\/wp-json\/wp\/v2\/comments?post=2325"}],"version-history":[{"count":2,"href":"https:\/\/heartbeatchurch.be\/fr\/wp-json\/wp\/v2\/pages\/2325\/revisions"}],"predecessor-version":[{"id":2387,"href":"https:\/\/heartbeatchurch.be\/fr\/wp-json\/wp\/v2\/pages\/2325\/revisions\/2387"}],"wp:featuredmedia":[{"embeddable":true,"href":"https:\/\/heartbeatchurch.be\/fr\/wp-json\/wp\/v2\/media\/1617"}],"wp:attachment":[{"href":"https:\/\/heartbeatchurch.be\/fr\/wp-json\/wp\/v2\/media?parent=2325"}],"curies":[{"name":"wp","href":"https:\/\/api.w.org\/{rel}","templated":true}]}}