{"id":2327,"date":"2022-03-19T14:34:54","date_gmt":"2022-03-19T13:34:54","guid":{"rendered":"https:\/\/heartbeatchurch.be\/?page_id=2327"},"modified":"2022-03-28T10:23:20","modified_gmt":"2022-03-28T08:23:20","slug":"ou-nous-rencontrons-nous","status":"publish","type":"page","link":"https:\/\/heartbeatchurch.be\/fr\/ou-nous-rencontrons-nous\/","title":{"rendered":"O\u00f9 nous rencontrons-nous"},"content":{"rendered":"\n<p>En tant que personnes partageant les m\u00eames id\u00e9es, nous nous r\u00e9unissons sous diff\u00e9rentes formes. Nous croyons que nous sommes l&rsquo;\u00e9glise et que l&rsquo;\u00e9glise est la communaut\u00e9 dont vous et moi, en tant que chr\u00e9tiens, faisons partie.&nbsp;<\/p>\n\n\n\n<h3 class=\"wp-block-heading\">LIEU<\/h3>\n\n\n\n<p>Tous nos \u00e9v\u00e9nements se d\u00e9roulent dans <a href=\"https:\/\/heartbeatchurch.be\/fr\/locations\/heartbeat-church\/\">notre \u00e9glise situ\u00e9e \u00e0 Zellik (Asse) &#8211; Belgique<\/a>, sauf information contraire. Les diff\u00e9rents minist\u00e8res li\u00e9s \u00e0 Heartbeat Church peuvent se r\u00e9unir dans d&rsquo;autres lieux (par exemple <a href=\"https:\/\/heartbeatchurch.be\/fr\/ministries\/groupes-de-maison\/\">des groupes de maison<\/a>, <a href=\"https:\/\/heartbeatchurch.be\/fr\/ministries\/precious-singles\/\">Precious Singles<\/a>, etc \u2026)<\/p>\n","protected":false},"excerpt":{"rendered":"<p>En tant que personnes partageant les m\u00eames id\u00e9es, nous nous r\u00e9unissons sous diff\u00e9rentes formes. Nous croyons que nous sommes l&rsquo;\u00e9glise et que l&rsquo;\u00e9glise est la communaut\u00e9 dont vous et moi, en tant que chr\u00e9tiens, faisons partie.&nbsp; LIEU Tous nos \u00e9v\u00e9nements se d\u00e9roulent dans notre \u00e9glise situ\u00e9e \u00e0 Zellik (Asse) &#8211; Belgique, sauf information contraire. Les&hellip;<\/p>\n","protected":false},"author":1,"featured_media":1619,"parent":0,"menu_order":0,"comment_status":"closed","ping_status":"closed","template":"page-templates\/locations.php","meta":{"om_disable_all_campaigns":false,"_monsterinsights_skip_tracking":false,"_monsterinsights_sitenote_active":false,"_monsterinsights_sitenote_note":"","_monsterinsights_sitenote_category":0,"footnotes":""},"class_list":["post-2327","page","type-page","status-publish","has-post-thumbnail","hentry","ctfw-has-image"],"aioseo_notices":[],"_links":{"self":[{"href":"https:\/\/heartbeatchurch.be\/fr\/wp-json\/wp\/v2\/pages\/2327","targetHints":{"allow":["GET"]}}],"collection":[{"href":"https:\/\/heartbeatchurch.be\/fr\/wp-json\/wp\/v2\/pages"}],"about":[{"href":"https:\/\/heartbeatchurch.be\/fr\/wp-json\/wp\/v2\/types\/page"}],"author":[{"embeddable":true,"href":"https:\/\/heartbeatchurch.be\/fr\/wp-json\/wp\/v2\/users\/1"}],"replies":[{"embeddable":true,"href":"https:\/\/heartbeatchurch.be\/fr\/wp-json\/wp\/v2\/comments?post=2327"}],"version-history":[{"count":2,"href":"https:\/\/heartbeatchurch.be\/fr\/wp-json\/wp\/v2\/pages\/2327\/revisions"}],"predecessor-version":[{"id":2385,"href":"https:\/\/heartbeatchurch.be\/fr\/wp-json\/wp\/v2\/pages\/2327\/revisions\/2385"}],"wp:featuredmedia":[{"embeddable":true,"href":"https:\/\/heartbeatchurch.be\/fr\/wp-json\/wp\/v2\/media\/1619"}],"wp:attachment":[{"href":"https:\/\/heartbeatchurch.be\/fr\/wp-json\/wp\/v2\/media?parent=2327"}],"curies":[{"name":"wp","href":"https:\/\/api.w.org\/{rel}","templated":true}]}}