{"id":2426,"date":"2022-04-12T19:15:12","date_gmt":"2022-04-12T17:15:12","guid":{"rendered":"https:\/\/heartbeatchurch.be\/?page_id=2426"},"modified":"2022-04-12T19:53:37","modified_gmt":"2022-04-12T17:53:37","slug":"les-organismes-de-bienfaisance","status":"publish","type":"page","link":"https:\/\/heartbeatchurch.be\/fr\/les-organismes-de-bienfaisance\/","title":{"rendered":"les organismes de bienfaisance"},"content":{"rendered":"\n<p>10% ou plus du produit de la vente des \u0153uvres d&rsquo;art ira \u00e0 l&rsquo;un de ces organismes de bienfaisance au choix de l&rsquo;artiste.<\/p>\n\n\n\n<h5 class=\"wp-block-heading\">Cherut VZW<\/h5>\n\n\n\n<p>Cherut offre aide et soutien aux filles, femmes et personnes transgenres en situation de vuln\u00e9rabilit\u00e9 li\u00e9e \u00e0 la prostitution, l\u2019exploitation et la traite des \u00eatres humains.<\/p>\n\n\n\n<div class=\"wp-block-media-text alignwide is-stacked-on-mobile\" style=\"grid-template-columns:22% auto\"><figure class=\"wp-block-media-text__media\"><img loading=\"lazy\" decoding=\"async\" width=\"681\" height=\"1024\" src=\"https:\/\/heartbeatchurch.be\/wp-content\/uploads\/2022\/04\/DSC_0932-681x1024.jpg\" alt=\"\" class=\"wp-image-2422 size-full\" srcset=\"https:\/\/heartbeatchurch.be\/wp-content\/uploads\/2022\/04\/DSC_0932-681x1024.jpg 681w, https:\/\/heartbeatchurch.be\/wp-content\/uploads\/2022\/04\/DSC_0932-199x300.jpg 199w, https:\/\/heartbeatchurch.be\/wp-content\/uploads\/2022\/04\/DSC_0932-768x1155.jpg 768w, https:\/\/heartbeatchurch.be\/wp-content\/uploads\/2022\/04\/DSC_0932-1021x1536.jpg 1021w, https:\/\/heartbeatchurch.be\/wp-content\/uploads\/2022\/04\/DSC_0932-1362x2048.jpg 1362w, https:\/\/heartbeatchurch.be\/wp-content\/uploads\/2022\/04\/DSC_0932-scaled.jpg 1702w\" sizes=\"auto, (max-width: 681px) 100vw, 681px\" \/><\/figure><div class=\"wp-block-media-text__content\">\n<p>Cherut signifie libert\u00e9 et repr\u00e9sente la libert\u00e9 de choisir, en particulier pour ceux qui n\u2019ont que peu ou pas de choix. Ensemble, nous d\u00e9fendons un monde sans injustice ni exploitation et nous aidons ce groupe cible \u00e0 trouver la libert\u00e9 dans leur vie. Libert\u00e9 de choisir. La libert\u00e9 de se (re)trouver et de se tenir en son pouvoir. Libert\u00e9 de r\u00e9aliser ses r\u00eaves.<\/p>\n<\/div><\/div>\n\n\n\n<p>Plus d\u2019infos sur le site de Cherut : <a href=\"https:\/\/www.cherutbelgium.com\" target=\"_blank\" rel=\"noreferrer noopener\">https:\/\/www.cherutbelgium.com<\/a><\/p>\n\n\n\n<figure class=\"wp-block-embed is-type-video is-provider-youtube wp-block-embed-youtube wp-embed-aspect-16-9 wp-has-aspect-ratio\"><div class=\"wp-block-embed__wrapper\">\n<iframe loading=\"lazy\" title=\"Cherut &amp; Koffieklap (engelse audio - nederlandse ondertitels)\" width=\"500\" height=\"281\" src=\"https:\/\/www.youtube.com\/embed\/goX4YjmKTK0?feature=oembed&#038;wmode=transparent&#038;rel=0&#038;showinfo=0&#038;color=white&#038;modestbranding=1\" style=\"border: none;\" allow=\"accelerometer; autoplay; clipboard-write; encrypted-media; gyroscope; picture-in-picture; web-share\" referrerpolicy=\"strict-origin-when-cross-origin\" allowfullscreen><\/iframe>\n<\/div><\/figure>\n\n\n\n<h5 class=\"wp-block-heading\">Tabita Asbl<\/h5>\n\n\n\n<p>Tabita asbl est une banque alimentaire qui donne de l\u2019aide mat\u00e9rielle aux pauvres sous forme de nourriture et de v\u00eatements. De plus, Tabita soutient les personnes dans le besoin spirituel en partageant de mani\u00e8re d\u00e9sint\u00e9ress\u00e9e l\u2019amour de J\u00e9sus Christ, ceci en passant du temps avec eux, \u00e9tant \u00e0 leur \u00e9coute et leur apportant de la consolation.<\/p>\n\n\n\n<p>Ainsi, Tabita soutient plus de cent familles de mani\u00e8re hebdomadaire, et pr\u00e8s de 600 personnes mensuellement, depuis plus de 15 ans.<\/p>\n\n\n\n<p>A travers les ann\u00e9es Tabita a pu aider des centaines de familles \u00e0 traverser une p\u00e9riode difficile de leur existence, quelle que soit leur origine. La provision de l\u2019aide pour les besoins de base a permis \u00e0 ces familles d\u2019avoir la possibilit\u00e9 d\u2019entreprendre les d\u00e9marches n\u00e9cessaires afin de pouvoir sortir eux-m\u00eames de la pauvret\u00e9.<\/p>\n\n\n\n<p>Pour plus d\u2019information <a href=\"https:\/\/www.facebook.com\/BruxellesTabita\" target=\"_blank\" rel=\"noreferrer noopener\">contacter<\/a> Tabita. Si vous d\u00e9sirez nous soutenir financi\u00e8rement vous pouvez le faire sur le compte bancaire BE44 7350 0381 7845.<\/p>\n\n\n\n<p>Video on the work of Jeanine Weyckmans, founder of Tabita ASBL:<\/p>\n\n\n\n<figure class=\"wp-block-embed is-type-video is-provider-vimeo wp-block-embed-vimeo wp-embed-aspect-16-9 wp-has-aspect-ratio\"><div class=\"wp-block-embed__wrapper\">\n<iframe loading=\"lazy\" title=\"Jeannine, volunteer at food bank\" src=\"https:\/\/player.vimeo.com\/video\/377847925?dnt=1&#038;app_id=122963&#038;title=0&#038;byline=0&#038;portrait=0&#038;color=ffffff\" width=\"500\" height=\"281\" style=\"border: none;\" allow=\"autoplay; fullscreen; picture-in-picture; clipboard-write\"><\/iframe>\n<\/div><\/figure>\n\n\n\n<p> Plus d\u2019information sur le Facebook de Tabitha: <a href=\"https:\/\/www.facebook.com\/BruxellesTabita\" target=\"_blank\" rel=\"noreferrer noopener\" title=\"@BruxellesTabita\">@BruxellesTabita<\/a><\/p>\n\n\n\n<h5 class=\"wp-block-heading\">SHEAN ASBL<\/h5>\n\n\n\n<p>Shean asbl, bas\u00e9e \u00e0 1020 Bruxelles,\u00a0boulevard Emile Bockstael, a pour objectif de faciliter l\u2019int\u00e9gration des r\u00e9fugi\u00e9s l\u00e9galement reconnus en Belgique en leur\u00a0offrant des logements de transit.Claire Carrera est co-fondatrice et pr\u00e9sidente. En H\u00e9breux,\u00a0\u2018Shean&rsquo; signifie se reposer en paix et dans la\u00a0tranquillit\u00e9.Quand les r\u00e9fugi\u00e9s reconnus l\u00e9galement quittent la situation d\u2019attente ou la structure d\u2019accueil, Shean va intervenir alors en offrant des chambres ou appartements de transit qui sont financi\u00e8rement abordables. Ces logements de transit offrent alors le temps n\u00e9cessaire pour les r\u00e9fugi\u00e9s pour qu\u2019ils puissent prendre des d\u00e9cisions sur le long terme en ce qui concerne le logement, l\u2019emploi et l\u2019int\u00e9gration compl\u00e8te. Shean fournira des chambres pour une p\u00e9riode de 6 mois \u00e0 18 mois maximum. Shean fournira aussi un accompagnement aux r\u00e9fugi\u00e9s en ce qui concerne la recherche d\u2019informations, les conseils au sujet de l\u2019int\u00e9gration, le coaching et le suivi psychologique, spirituel et pastoral.Plus d\u2019informations sur <a href=\"https:\/\/www.shean.org\/\" target=\"_blank\" rel=\"noreferrer noopener\" title=\"\">www.shean.org<\/a>. Vous pouvez \u00e9galement aider financi\u00e8rement en faisant un don \u00e0 Shean sur le compte bancaire BE18 0004 2488 5965.<\/p>\n\n\n\n<h5 class=\"wp-block-heading\">Christine Tooze<\/h5>\n\n\n\n<p>Christine vit \u00e0 Sheffield (Royaume-Uni). Christine a la passion de partager J\u00e9sus sous toutes ses facettes, Elle ouvre la porte vers Dieu \u00e0 beaucoup de gens. Elle a un minist\u00e8re proph\u00e9tique et apostolique. Christine adore voir les gens entrer dans leur destin\u00e9e. Heartbeat Church la re\u00e7oit r\u00e9guli\u00e8rement comme conf\u00e9renci\u00e8re.<\/p>\n\n\n\n<h5 class=\"wp-block-heading\">Marlene Holtzhausen<\/h5>\n\n\n\n<div class=\"wp-block-media-text alignwide is-stacked-on-mobile\" style=\"grid-template-columns:26% auto\"><figure class=\"wp-block-media-text__media\"><img loading=\"lazy\" decoding=\"async\" width=\"683\" height=\"1024\" src=\"http:\/\/heartbeatchurch.be\/wp-content\/uploads\/2022\/03\/DC21DD99-CA3C-422A-A06F-1FE51A3D810F-683x1024.jpeg\" alt=\"\" class=\"wp-image-2119 size-full\" srcset=\"https:\/\/heartbeatchurch.be\/wp-content\/uploads\/2022\/03\/DC21DD99-CA3C-422A-A06F-1FE51A3D810F-683x1024.jpeg 683w, https:\/\/heartbeatchurch.be\/wp-content\/uploads\/2022\/03\/DC21DD99-CA3C-422A-A06F-1FE51A3D810F-200x300.jpeg 200w, https:\/\/heartbeatchurch.be\/wp-content\/uploads\/2022\/03\/DC21DD99-CA3C-422A-A06F-1FE51A3D810F-768x1152.jpeg 768w, https:\/\/heartbeatchurch.be\/wp-content\/uploads\/2022\/03\/DC21DD99-CA3C-422A-A06F-1FE51A3D810F-1024x1536.jpeg 1024w, https:\/\/heartbeatchurch.be\/wp-content\/uploads\/2022\/03\/DC21DD99-CA3C-422A-A06F-1FE51A3D810F-1365x2048.jpeg 1365w, https:\/\/heartbeatchurch.be\/wp-content\/uploads\/2022\/03\/DC21DD99-CA3C-422A-A06F-1FE51A3D810F-scaled.jpeg 1707w\" sizes=\"auto, (max-width: 683px) 100vw, 683px\" \/><\/figure><div class=\"wp-block-media-text__content\">\n<p>Marlene Holtzhausen est originaire d\u2019Afrique du Sud o\u00f9 elle a fait ses \u00e9tudes universitaires. Elle est appel\u00e9e \u00e0 servir le peuple de Dieu en tant que proph\u00e8te. Auparavant, elle a travaill\u00e9 comme intercesseur dans l\u2019\u00e9quipe de Reinhardt B\u00f6ncke. Elle a parcouru le monde entier comme proph\u00e8te jusqu\u2019\u00e0 ce que le Seigneur l\u2019a rappelle \u00e0 ses racines (les Huguenots). Ainsi depuis 2000 elle vit et sert en France. Elle marche intimement avec le Seigneur et pr\u00eache Sa Parole avec audace.<br><em>Photocredit: Klara Mertens \u2013 Duizend Woorden<\/em><\/p>\n<\/div><\/div>\n","protected":false},"excerpt":{"rendered":"<p>10% ou plus du produit de la vente des \u0153uvres d&rsquo;art ira \u00e0 l&rsquo;un de ces organismes de bienfaisance au choix de l&rsquo;artiste. Cherut VZW Cherut offre aide et soutien aux filles, femmes et personnes transgenres en situation de vuln\u00e9rabilit\u00e9 li\u00e9e \u00e0 la prostitution, l\u2019exploitation et la traite des \u00eatres humains. Cherut signifie libert\u00e9 et&hellip;<\/p>\n","protected":false},"author":1,"featured_media":0,"parent":0,"menu_order":0,"comment_status":"closed","ping_status":"closed","template":"","meta":{"om_disable_all_campaigns":false,"_monsterinsights_skip_tracking":false,"_monsterinsights_sitenote_active":false,"_monsterinsights_sitenote_note":"","_monsterinsights_sitenote_category":0,"footnotes":""},"class_list":["post-2426","page","type-page","status-publish","hentry","ctfw-no-image"],"aioseo_notices":[],"_links":{"self":[{"href":"https:\/\/heartbeatchurch.be\/fr\/wp-json\/wp\/v2\/pages\/2426","targetHints":{"allow":["GET"]}}],"collection":[{"href":"https:\/\/heartbeatchurch.be\/fr\/wp-json\/wp\/v2\/pages"}],"about":[{"href":"https:\/\/heartbeatchurch.be\/fr\/wp-json\/wp\/v2\/types\/page"}],"author":[{"embeddable":true,"href":"https:\/\/heartbeatchurch.be\/fr\/wp-json\/wp\/v2\/users\/1"}],"replies":[{"embeddable":true,"href":"https:\/\/heartbeatchurch.be\/fr\/wp-json\/wp\/v2\/comments?post=2426"}],"version-history":[{"count":4,"href":"https:\/\/heartbeatchurch.be\/fr\/wp-json\/wp\/v2\/pages\/2426\/revisions"}],"predecessor-version":[{"id":2431,"href":"https:\/\/heartbeatchurch.be\/fr\/wp-json\/wp\/v2\/pages\/2426\/revisions\/2431"}],"wp:attachment":[{"href":"https:\/\/heartbeatchurch.be\/fr\/wp-json\/wp\/v2\/media?parent=2426"}],"curies":[{"name":"wp","href":"https:\/\/api.w.org\/{rel}","templated":true}]}}